{"id":261,"date":"2013-10-04T10:26:48","date_gmt":"2013-10-04T08:26:48","guid":{"rendered":"http:\/\/www.hoteldeswaen.be\/?page_id=261"},"modified":"2026-03-12T20:25:41","modified_gmt":"2026-03-12T19:25:41","slug":"de-swaen-i-fr","status":"publish","type":"page","link":"https:\/\/hoteldeswaen.be\/fr\/hotel-fr\/de-swaen-i-fr\/","title":{"rendered":"De Swaen I"},"content":{"rendered":"<h3>Comfort<\/h3>\n<table class=\"kamertypes\" style=\"width: 100%;\" cellspacing=\"0\" cellpadding=\"0\">\n<tbody>\n<tr>\n<td width=\"60%\"><a href=\"https:\/\/hoteldeswaen.be\/wp-content\/uploads\/2013\/10\/foto_comfort2.jpg\" rel=\"lightbox\"><img loading=\"lazy\" decoding=\"async\" class=\"alignleft size-medium wp-image-117\" src=\"https:\/\/hoteldeswaen.be\/wp-content\/uploads\/2013\/10\/foto_comfort2-300x187.jpg\" alt=\"foto_comfort2\" width=\"300\" height=\"187\" srcset=\"https:\/\/hoteldeswaen.be\/wp-content\/uploads\/2013\/10\/foto_comfort2-300x187.jpg 300w, https:\/\/hoteldeswaen.be\/wp-content\/uploads\/2013\/10\/foto_comfort2-1024x640.jpg 1024w, https:\/\/hoteldeswaen.be\/wp-content\/uploads\/2013\/10\/foto_comfort2.jpg 1680w\" sizes=\"auto, (max-width: 300px) 100vw, 300px\" \/><\/a><\/td>\n<td width=\"40%\">\n<ul>\n<li>Salle de bains avec baignoire ou douche<\/li>\n<li>Toilette<\/li>\n<li>T\u00e9l\u00e9vision satellite<\/li>\n<li>T\u00e9l\u00e9phone<\/li>\n<li>Airco<\/li>\n<li>Quelques chambres avec terrasse,<br \/>\ncoin salon<\/li>\n<li>Connection sans fil internet (WiFi)<\/li>\n<\/ul>\n<table class=\"kamertypes\" style=\"width: 100%;\" cellspacing=\"0\" cellpadding=\"0\">\n<tbody>\n<tr>\n<td width=\"70%\">simple<\/td>\n<td style=\"text-align: center;\" width=\"10%\">\u20ac<\/td>\n<td style=\"text-align: right;\" width=\"20%\">115,00<\/td>\n<\/tr>\n<tr>\n<td width=\"70%\">double<\/td>\n<td style=\"text-align: center;\" width=\"10%\">\u20ac<\/td>\n<td style=\"text-align: right;\" width=\"20%\">135,00<\/td>\n<\/tr>\n<tr>\n<td width=\"70%\">triple<\/td>\n<td style=\"text-align: center;\" width=\"10%\">\u20ac<\/td>\n<td style=\"text-align: right;\" width=\"20%\">155,00<\/td>\n<\/tr>\n<\/tbody>\n<\/table>\n<\/td>\n<\/tr>\n<\/tbody>\n<\/table>\n<hr>\n<h3>Comfort+<\/h3>\n<table class=\"kamertypes\" style=\"width: 100%;\" cellspacing=\"0\" cellpadding=\"0\">\n<tbody>\n<tr>\n<td width=\"60%\"><a href=\"https:\/\/hoteldeswaen.be\/wp-content\/uploads\/2013\/10\/foto_comfort2.jpg\" rel=\"lightbox\"><img loading=\"lazy\" decoding=\"async\" class=\"alignleft size-medium wp-image-117\" src=\"https:\/\/hoteldeswaen.be\/wp-content\/uploads\/2013\/10\/foto_comfort2-300x187.jpg\" alt=\"foto_comfort2\" width=\"300\" height=\"187\" srcset=\"https:\/\/hoteldeswaen.be\/wp-content\/uploads\/2013\/10\/foto_comfort2-300x187.jpg 300w, https:\/\/hoteldeswaen.be\/wp-content\/uploads\/2013\/10\/foto_comfort2-1024x640.jpg 1024w, https:\/\/hoteldeswaen.be\/wp-content\/uploads\/2013\/10\/foto_comfort2.jpg 1680w\" sizes=\"auto, (max-width: 300px) 100vw, 300px\" \/><\/a><\/td>\n<td width=\"40%\">\n<ul>\n<li>Salle de bains avec baignoire ou douche<\/li>\n<li>Toilette<\/li>\n<li>T\u00e9l\u00e9vision satellite<\/li>\n<li>T\u00e9l\u00e9phone<\/li>\n<li>Airco<\/li>\n<li>Quelques chambres avec terrasse,<br \/>\ncoin salon<\/li>\n<li>Connection sans fil internet (WiFi)<\/li>\n<\/ul>\n<table class=\"kamertypes\" style=\"width: 100%;\" cellspacing=\"0\" cellpadding=\"0\">\n<tbody>\n<tr>\n<td width=\"70%\">simple<\/td>\n<td style=\"text-align: center;\" width=\"10%\">\u20ac<\/td>\n<td style=\"text-align: right;\" width=\"20%\">145,00<\/td>\n<\/tr>\n<tr>\n<td width=\"70%\">double<\/td>\n<td style=\"text-align: center;\" width=\"10%\">\u20ac<\/td>\n<td style=\"text-align: right;\" width=\"20%\">165,00<\/td>\n<\/tr>\n<\/tbody>\n<\/table>\n<\/td>\n<\/tr>\n<\/tbody>\n<\/table>\n<hr>\n<h3>Standaard<\/h3>\n<table class=\"kamertypes\" style=\"width: 100%;\" cellspacing=\"0\" cellpadding=\"0\">\n<tbody>\n<tr>\n<td width=\"60%\"><a href=\"https:\/\/hoteldeswaen.be\/wp-content\/uploads\/2013\/10\/foto_standaard.jpg\" rel=\"lightbox\"><img loading=\"lazy\" decoding=\"async\" class=\"alignleft size-medium wp-image-221\" src=\"https:\/\/hoteldeswaen.be\/wp-content\/uploads\/2013\/10\/foto_standaard-300x187.jpg\" alt=\"foto_standaard\" width=\"300\" height=\"187\" srcset=\"https:\/\/hoteldeswaen.be\/wp-content\/uploads\/2013\/10\/foto_standaard-300x187.jpg 300w, https:\/\/hoteldeswaen.be\/wp-content\/uploads\/2013\/10\/foto_standaard-1024x640.jpg 1024w, https:\/\/hoteldeswaen.be\/wp-content\/uploads\/2013\/10\/foto_standaard.jpg 1680w\" sizes=\"auto, (max-width: 300px) 100vw, 300px\" \/><\/a><\/td>\n<td width=\"40%\">\n<ul>\n<li>Salle de bains avec baignoire ou douche<\/li>\n<li>Toilette<\/li>\n<li>T\u00e9l\u00e9phone<\/li>\n<li>T\u00e9l\u00e9distribution<\/li>\n<li>Quelques chambres avec terrasse<\/li>\n<li>Connection sans fil internet<\/li>\n<li>Ascenseur (dans l&rsquo;h\u00f4tel ***)<\/li>\n<\/ul>\n<table class=\"kamertypes\" style=\"width: 100%;\" cellspacing=\"0\" cellpadding=\"0\">\n<tbody>\n<tr>\n<td width=\"70%\">simple<\/td>\n<td style=\"text-align: center;\" width=\"10%\">\u20ac<\/td>\n<td style=\"text-align: right;\" width=\"20%\">95,00<\/td>\n<\/tr>\n<tr>\n<td width=\"70%\">double<\/td>\n<td style=\"text-align: center;\" width=\"10%\">\u20ac<\/td>\n<td style=\"text-align: right;\" width=\"20%\">115.00<\/td>\n<\/tr>\n<tr>\n<td width=\"70%\">triple<\/td>\n<td style=\"text-align: center;\" width=\"10%\">\u20ac<\/td>\n<td style=\"text-align: right;\" width=\"20%\">135,00<\/td>\n<\/tr>\n<\/tbody>\n<\/table>\n<\/td>\n<\/tr>\n<\/tbody>\n<\/table>\n<hr>\n<h3>Standaard+<\/h3>\n<table class=\"kamertypes\" style=\"width: 100%;\" cellspacing=\"0\" cellpadding=\"0\">\n<tbody>\n<tr>\n<td width=\"60%\"><a href=\"https:\/\/hoteldeswaen.be\/wp-content\/uploads\/2013\/10\/foto_standaard.jpg\"><img loading=\"lazy\" decoding=\"async\" class=\"alignleft size-medium wp-image-221\" src=\"https:\/\/hoteldeswaen.be\/wp-content\/uploads\/2013\/10\/foto_standaard-300x187.jpg\" alt=\"foto_standaard\" width=\"300\" height=\"187\" srcset=\"https:\/\/hoteldeswaen.be\/wp-content\/uploads\/2013\/10\/foto_standaard-300x187.jpg 300w, https:\/\/hoteldeswaen.be\/wp-content\/uploads\/2013\/10\/foto_standaard-1024x640.jpg 1024w, https:\/\/hoteldeswaen.be\/wp-content\/uploads\/2013\/10\/foto_standaard.jpg 1680w\" sizes=\"auto, (max-width: 300px) 100vw, 300px\" \/><\/a><\/td>\n<td width=\"40%\">\n<ul>\n<li>Salle de bains avec baignoire ou douche<\/li>\n<li>Toilette<\/li>\n<li>T\u00e9l\u00e9phone<\/li>\n<li>T\u00e9l\u00e9distribution<\/li>\n<li>Quelques chambres avec terrasse<\/li>\n<li>Connection sans fil internet<\/li>\n<li>Ascenseur (dans l&rsquo;h\u00f4tel ***)<\/li>\n<\/ul>\n<table class=\"kamertypes\" style=\"width: 100%;\" cellspacing=\"0\" cellpadding=\"0\">\n<tbody>\n<tr>\n<td width=\"70%\">simple<\/td>\n<td style=\"text-align: center;\" width=\"10%\">\u20ac<\/td>\n<td style=\"text-align: right;\" width=\"20%\">115,00<\/td>\n<\/tr>\n<tr>\n<td width=\"70%\">double<\/td>\n<td style=\"text-align: center;\" width=\"10%\">\u20ac<\/td>\n<td style=\"text-align: right;\" width=\"20%\">125,00<\/td>\n<\/tr>\n<\/tbody>\n<\/table>\n<\/td>\n<\/tr>\n<\/tbody>\n<\/table>\n<hr>\n<p>&nbsp;<\/p>\n","protected":false},"excerpt":{"rendered":"<p>Comfort Salle de bains avec baignoire ou douche Toilette T\u00e9l\u00e9vision satellite T\u00e9l\u00e9phone Airco Quelques chambres avec terrasse, coin salon Connection sans fil internet (WiFi) simple \u20ac 115,00 double \u20ac 135,00 triple \u20ac 155,00 Comfort+ Salle de bains avec baignoire ou douche Toilette T\u00e9l\u00e9vision satellite T\u00e9l\u00e9phone Airco Quelques chambres avec terrasse, coin salon Connection sans fil [&hellip;]<\/p>\n","protected":false},"author":1,"featured_media":0,"parent":236,"menu_order":1,"comment_status":"closed","ping_status":"closed","template":"","meta":{"ngg_post_thumbnail":0,"footnotes":""},"class_list":["post-261","page","type-page","status-publish","hentry"],"_links":{"self":[{"href":"https:\/\/hoteldeswaen.be\/fr\/wp-json\/wp\/v2\/pages\/261","targetHints":{"allow":["GET"]}}],"collection":[{"href":"https:\/\/hoteldeswaen.be\/fr\/wp-json\/wp\/v2\/pages"}],"about":[{"href":"https:\/\/hoteldeswaen.be\/fr\/wp-json\/wp\/v2\/types\/page"}],"author":[{"embeddable":true,"href":"https:\/\/hoteldeswaen.be\/fr\/wp-json\/wp\/v2\/users\/1"}],"replies":[{"embeddable":true,"href":"https:\/\/hoteldeswaen.be\/fr\/wp-json\/wp\/v2\/comments?post=261"}],"version-history":[{"count":13,"href":"https:\/\/hoteldeswaen.be\/fr\/wp-json\/wp\/v2\/pages\/261\/revisions"}],"predecessor-version":[{"id":1177,"href":"https:\/\/hoteldeswaen.be\/fr\/wp-json\/wp\/v2\/pages\/261\/revisions\/1177"}],"up":[{"embeddable":true,"href":"https:\/\/hoteldeswaen.be\/fr\/wp-json\/wp\/v2\/pages\/236"}],"wp:attachment":[{"href":"https:\/\/hoteldeswaen.be\/fr\/wp-json\/wp\/v2\/media?parent=261"}],"curies":[{"name":"wp","href":"https:\/\/api.w.org\/{rel}","templated":true}]}}