{"id":243,"date":"2013-10-04T09:48:13","date_gmt":"2013-10-04T07:48:13","guid":{"rendered":"http:\/\/www.hoteldeswaen.be\/?page_id=243"},"modified":"2020-04-18T17:57:16","modified_gmt":"2020-04-18T15:57:16","slug":"salle-de-fete-seminaires","status":"publish","type":"page","link":"https:\/\/hoteldeswaen.be\/fr\/salle-de-fete-seminaires\/","title":{"rendered":"Salle de f\u00eate &#038; s\u00e9minaires"},"content":{"rendered":"<p>Organiser une f\u00eate ou un s\u00e9minaire constitue toujours pour ce confortable h\u00f4tel une excellente occasion d&rsquo;offrir un service de niveau sup\u00e9rieur \u00e0 ses h\u00f4tes. Veiller \u00e0 ce qu&rsquo;ils ne manquent de rien constitue une priorit\u00e9 pour notre \u00e9quipe.<\/p>\n<p class=\"blockquote\">Veiller \u00e0 ce qu&rsquo;ils ne manquent de rien<br \/>\nconstitue une priorit\u00e9 pour notre \u00e9quipe.<\/p>\n<p>Les salles de s\u00e9minaire de l&rsquo;H\u00f4tel Restaurant De Swaen sont le lieu id\u00e9al pour les r\u00e9unions d&rsquo;affaires, les r\u00e9unions du conseil d&rsquo;administration, les s\u00e9minaires, les r\u00e9unions du personnel ou les rencontres avec les clients. Nous vous offrons l&rsquo;espace et l&rsquo;atmosph\u00e8re n\u00e9cessaires pour prendre les bonnes d\u00e9cisions.<\/p>\n","protected":false},"excerpt":{"rendered":"<p>Organiser une f\u00eate ou un s\u00e9minaire constitue toujours pour ce confortable h\u00f4tel une excellente occasion d&rsquo;offrir un service de niveau sup\u00e9rieur \u00e0 ses h\u00f4tes. Veiller \u00e0 ce qu&rsquo;ils ne manquent de rien constitue une priorit\u00e9 pour notre \u00e9quipe. Veiller \u00e0 ce qu&rsquo;ils ne manquent de rien constitue une priorit\u00e9 pour notre \u00e9quipe. Les salles de [&hellip;]<\/p>\n","protected":false},"author":1,"featured_media":0,"parent":0,"menu_order":4,"comment_status":"closed","ping_status":"closed","template":"","meta":{"ngg_post_thumbnail":0,"footnotes":""},"class_list":["post-243","page","type-page","status-publish","hentry"],"_links":{"self":[{"href":"https:\/\/hoteldeswaen.be\/fr\/wp-json\/wp\/v2\/pages\/243","targetHints":{"allow":["GET"]}}],"collection":[{"href":"https:\/\/hoteldeswaen.be\/fr\/wp-json\/wp\/v2\/pages"}],"about":[{"href":"https:\/\/hoteldeswaen.be\/fr\/wp-json\/wp\/v2\/types\/page"}],"author":[{"embeddable":true,"href":"https:\/\/hoteldeswaen.be\/fr\/wp-json\/wp\/v2\/users\/1"}],"replies":[{"embeddable":true,"href":"https:\/\/hoteldeswaen.be\/fr\/wp-json\/wp\/v2\/comments?post=243"}],"version-history":[{"count":5,"href":"https:\/\/hoteldeswaen.be\/fr\/wp-json\/wp\/v2\/pages\/243\/revisions"}],"predecessor-version":[{"id":1132,"href":"https:\/\/hoteldeswaen.be\/fr\/wp-json\/wp\/v2\/pages\/243\/revisions\/1132"}],"wp:attachment":[{"href":"https:\/\/hoteldeswaen.be\/fr\/wp-json\/wp\/v2\/media?parent=243"}],"curies":[{"name":"wp","href":"https:\/\/api.w.org\/{rel}","templated":true}]}}