{"id":236,"date":"2013-10-03T17:00:53","date_gmt":"2013-10-03T15:00:53","guid":{"rendered":"http:\/\/www.hoteldeswaen.be\/?page_id=236"},"modified":"2013-10-16T09:43:10","modified_gmt":"2013-10-16T07:43:10","slug":"hotel-fr","status":"publish","type":"page","link":"https:\/\/hoteldeswaen.be\/fr\/hotel-fr\/","title":{"rendered":"H\u00f4tel"},"content":{"rendered":"<p>Les chambres de cet h\u00f4tel de niveau sup\u00e9rieur, jouissant d&rsquo;une situation centrale, offrent tout le confort moderne tant \u00e0 l&rsquo;homme d&rsquo;affaires qu&rsquo;au touriste. Nous vous proposons de nombreux tarifs et formules. Un copieux petit d\u00e9jeuner buffet vous permettra de commencer la journ\u00e9e sainement.<\/p>\n<p class=\"blockquote\">Des chambres pleines d&rsquo;atmosph\u00e8re offrant tout le confort moderne<br \/>\ntant \u00e0 l&rsquo;homme d&rsquo;affaires qu&rsquo;au touriste<\/p>\n<p>Toutes nos chambres sont \u00e9quip\u00e9es de t\u00e9l\u00e9distribution, salles de bains avec une baignoire ou douche, bureau, t\u00e9l\u00e9phone, Wi-Fi et coffre fort. Quelques chambres disposent \u00e9galement d&rsquo;un coin salon ou un balcon.<\/p>\n","protected":false},"excerpt":{"rendered":"<p>Les chambres de cet h\u00f4tel de niveau sup\u00e9rieur, jouissant d&rsquo;une situation centrale, offrent tout le confort moderne tant \u00e0 l&rsquo;homme d&rsquo;affaires qu&rsquo;au touriste. Nous vous proposons de nombreux tarifs et formules. Un copieux petit d\u00e9jeuner buffet vous permettra de commencer la journ\u00e9e sainement. Des chambres pleines d&rsquo;atmosph\u00e8re offrant tout le confort moderne tant \u00e0 l&rsquo;homme [&hellip;]<\/p>\n","protected":false},"author":1,"featured_media":0,"parent":0,"menu_order":2,"comment_status":"closed","ping_status":"closed","template":"","meta":{"ngg_post_thumbnail":0,"footnotes":""},"class_list":["post-236","page","type-page","status-publish","hentry"],"_links":{"self":[{"href":"https:\/\/hoteldeswaen.be\/fr\/wp-json\/wp\/v2\/pages\/236","targetHints":{"allow":["GET"]}}],"collection":[{"href":"https:\/\/hoteldeswaen.be\/fr\/wp-json\/wp\/v2\/pages"}],"about":[{"href":"https:\/\/hoteldeswaen.be\/fr\/wp-json\/wp\/v2\/types\/page"}],"author":[{"embeddable":true,"href":"https:\/\/hoteldeswaen.be\/fr\/wp-json\/wp\/v2\/users\/1"}],"replies":[{"embeddable":true,"href":"https:\/\/hoteldeswaen.be\/fr\/wp-json\/wp\/v2\/comments?post=236"}],"version-history":[{"count":6,"href":"https:\/\/hoteldeswaen.be\/fr\/wp-json\/wp\/v2\/pages\/236\/revisions"}],"predecessor-version":[{"id":588,"href":"https:\/\/hoteldeswaen.be\/fr\/wp-json\/wp\/v2\/pages\/236\/revisions\/588"}],"wp:attachment":[{"href":"https:\/\/hoteldeswaen.be\/fr\/wp-json\/wp\/v2\/media?parent=236"}],"curies":[{"name":"wp","href":"https:\/\/api.w.org\/{rel}","templated":true}]}}