{"id":226,"date":"2013-10-03T16:46:12","date_gmt":"2013-10-03T14:46:12","guid":{"rendered":"http:\/\/www.hoteldeswaen.be\/?page_id=226"},"modified":"2020-04-18T16:58:25","modified_gmt":"2020-04-18T14:58:25","slug":"bienvenue","status":"publish","type":"page","link":"https:\/\/hoteldeswaen.be\/fr\/","title":{"rendered":"Bienvenue"},"content":{"rendered":"<p>Au coeur de la Campine, au centre de Herentals, l&rsquo;H\u00f4tel *** &#8211; Seminar Facilities \u00ab\u00a0De Swaen\u00a0\u00bb profite d&rsquo;une situation exceptionnelle. \u201cDe Swaen\u201d dispose d&rsquo;un agr\u00e9able Bistro o\u00f9 vous attendent de d\u00e9licieuses boissons et une exquise carte de petites consommations. La salle de restaurant \u00ab\u00a0lunch &amp; dinner room\u00a0\u00bb qui se trouve au premier \u00e9tage est particuli\u00e8rement \u00e9l\u00e9gante. Vous d\u00e9gusterez ici le meilleur de la gastronomie.<\/p>\n<p class=\"blockquote\">Un h\u00f4tel de premi\u00e8re classe, le meilleur de la gastronomie et<br \/>\nun agr\u00e9able bistro \u00e0 un endroit exceptionnel<\/p>\n<p>Depuis de nombreuses ann\u00e9es, l&rsquo;H\u00f4tel *** &#8211; Seminar Facilities \u00ab\u00a0De Swaen\u00a0\u00bb est une adresse exceptionnelle. Une visite \u00e0 notre h\u00f4tel, restaurant ou bistro en combinaison avec une journ\u00e9e d&rsquo;excursion, vous garantit un s\u00e9jour de d\u00e9tente au centre de Herentals et alentours .<\/p>\n","protected":false},"excerpt":{"rendered":"<p>Au coeur de la Campine, au centre de Herentals, l&rsquo;H\u00f4tel *** &#8211; Seminar Facilities \u00ab\u00a0De Swaen\u00a0\u00bb profite d&rsquo;une situation exceptionnelle. \u201cDe Swaen\u201d dispose d&rsquo;un agr\u00e9able Bistro o\u00f9 vous attendent de d\u00e9licieuses boissons et une exquise carte de petites consommations. La salle de restaurant \u00ab\u00a0lunch &amp; dinner room\u00a0\u00bb qui se trouve au premier \u00e9tage est particuli\u00e8rement [&hellip;]<\/p>\n","protected":false},"author":1,"featured_media":0,"parent":0,"menu_order":-999,"comment_status":"closed","ping_status":"closed","template":"","meta":{"ngg_post_thumbnail":0,"footnotes":""},"class_list":["post-226","page","type-page","status-publish","hentry"],"_links":{"self":[{"href":"https:\/\/hoteldeswaen.be\/fr\/wp-json\/wp\/v2\/pages\/226","targetHints":{"allow":["GET"]}}],"collection":[{"href":"https:\/\/hoteldeswaen.be\/fr\/wp-json\/wp\/v2\/pages"}],"about":[{"href":"https:\/\/hoteldeswaen.be\/fr\/wp-json\/wp\/v2\/types\/page"}],"author":[{"embeddable":true,"href":"https:\/\/hoteldeswaen.be\/fr\/wp-json\/wp\/v2\/users\/1"}],"replies":[{"embeddable":true,"href":"https:\/\/hoteldeswaen.be\/fr\/wp-json\/wp\/v2\/comments?post=226"}],"version-history":[{"count":11,"href":"https:\/\/hoteldeswaen.be\/fr\/wp-json\/wp\/v2\/pages\/226\/revisions"}],"predecessor-version":[{"id":1113,"href":"https:\/\/hoteldeswaen.be\/fr\/wp-json\/wp\/v2\/pages\/226\/revisions\/1113"}],"wp:attachment":[{"href":"https:\/\/hoteldeswaen.be\/fr\/wp-json\/wp\/v2\/media?parent=226"}],"curies":[{"name":"wp","href":"https:\/\/api.w.org\/{rel}","templated":true}]}}