{"id":426,"date":"2013-10-04T14:06:38","date_gmt":"2013-10-04T12:06:38","guid":{"rendered":"http:\/\/www.hoteldeswaen.be\/?page_id=426"},"modified":"2020-04-18T17:58:52","modified_gmt":"2020-04-18T15:58:52","slug":"festsaal-und-seminar","status":"publish","type":"page","link":"https:\/\/hoteldeswaen.be\/de\/festsaal-und-seminar\/","title":{"rendered":"Festsaal und Seminar"},"content":{"rendered":"<p>Die Organisation eines festlichen Anlasses oder eines Seminars geht in diesem komfortablen Hotel stets mit einem Spitzenservice einher. Daf\u00fcr Sorge zu tragen, dass es den G\u00e4sten an nichts fehlt, ist f\u00fcr das Team von gr\u00f6\u00dftem Vorrang.<\/p>\n<p class=\"blockquote\">Daf\u00fcr Sorge zu tragen, dass es den G\u00e4sten an nichts fehlt,<br \/>\nist f\u00fcr das Team von gr\u00f6\u00dftem Vorrang.<\/p>\n<p>Die Seminarr\u00e4ume des Hotel-Restaurants De Swaen sind der ideale Ort f\u00fcr Gesch\u00e4ftstreffen, Vorstandssitzungen, Seminare, Mitarbeitersitzungen oder Treffen mit Kunden. Wir bieten Ihnen den Raum und die Atmosph\u00e4re, um die richtigen Entscheidungen zu treffen.<\/p>\n","protected":false},"excerpt":{"rendered":"<p>Die Organisation eines festlichen Anlasses oder eines Seminars geht in diesem komfortablen Hotel stets mit einem Spitzenservice einher. Daf\u00fcr Sorge zu tragen, dass es den G\u00e4sten an nichts fehlt, ist f\u00fcr das Team von gr\u00f6\u00dftem Vorrang. Daf\u00fcr Sorge zu tragen, dass es den G\u00e4sten an nichts fehlt, ist f\u00fcr das Team von gr\u00f6\u00dftem Vorrang. Die [&hellip;]<\/p>\n","protected":false},"author":1,"featured_media":0,"parent":0,"menu_order":4,"comment_status":"closed","ping_status":"closed","template":"","meta":{"ngg_post_thumbnail":0,"footnotes":""},"class_list":["post-426","page","type-page","status-publish","hentry"],"_links":{"self":[{"href":"https:\/\/hoteldeswaen.be\/de\/wp-json\/wp\/v2\/pages\/426","targetHints":{"allow":["GET"]}}],"collection":[{"href":"https:\/\/hoteldeswaen.be\/de\/wp-json\/wp\/v2\/pages"}],"about":[{"href":"https:\/\/hoteldeswaen.be\/de\/wp-json\/wp\/v2\/types\/page"}],"author":[{"embeddable":true,"href":"https:\/\/hoteldeswaen.be\/de\/wp-json\/wp\/v2\/users\/1"}],"replies":[{"embeddable":true,"href":"https:\/\/hoteldeswaen.be\/de\/wp-json\/wp\/v2\/comments?post=426"}],"version-history":[{"count":7,"href":"https:\/\/hoteldeswaen.be\/de\/wp-json\/wp\/v2\/pages\/426\/revisions"}],"predecessor-version":[{"id":1134,"href":"https:\/\/hoteldeswaen.be\/de\/wp-json\/wp\/v2\/pages\/426\/revisions\/1134"}],"wp:attachment":[{"href":"https:\/\/hoteldeswaen.be\/de\/wp-json\/wp\/v2\/media?parent=426"}],"curies":[{"name":"wp","href":"https:\/\/api.w.org\/{rel}","templated":true}]}}