{"id":402,"date":"2013-10-04T12:36:51","date_gmt":"2013-10-04T10:36:51","guid":{"rendered":"http:\/\/www.hoteldeswaen.be\/?page_id=402"},"modified":"2013-10-16T10:09:45","modified_gmt":"2013-10-16T08:09:45","slug":"hotel-de","status":"publish","type":"page","link":"https:\/\/hoteldeswaen.be\/de\/hotel-de\/","title":{"rendered":"Hotel"},"content":{"rendered":"<p>In diesem zentral gelegenen Hotel der Spitzenklasse finden Sie stimmungsvolle Zimmer mit allem modernen Komfort sowohl f\u00fcr Gesch\u00e4ftsleute als auch f\u00fcr Touristen. Sie haben die Wahl aus vielen Preisen und Formeln. Ein umfangreiches Fr\u00fchst\u00fccksb\u00fcfett sorgt f\u00fcr einen gesunden Start in den Tag.<\/p>\n<p class=\"blockquote\">Stimmungsvolle Zimmer mit allem modernen Komfort<br \/>\nsowohl f\u00fcr Gesch\u00e4ftsleute als auch f\u00fcr Touristen.<\/p>\n<p>Alle Zimmer sind ausgestattet mit Kabelfernsehen, Badezimmer mit Badewanne oder Dusche, B\u00fcro, Telefon, Wi-Fi und Tresor.<br \/>\nEinige Zimmer verf\u00fcgen ebenfalls \u00fcber einen Sitzecke oder Balkon.<\/p>\n","protected":false},"excerpt":{"rendered":"<p>In diesem zentral gelegenen Hotel der Spitzenklasse finden Sie stimmungsvolle Zimmer mit allem modernen Komfort sowohl f\u00fcr Gesch\u00e4ftsleute als auch f\u00fcr Touristen. Sie haben die Wahl aus vielen Preisen und Formeln. Ein umfangreiches Fr\u00fchst\u00fccksb\u00fcfett sorgt f\u00fcr einen gesunden Start in den Tag. Stimmungsvolle Zimmer mit allem modernen Komfort sowohl f\u00fcr Gesch\u00e4ftsleute als auch f\u00fcr Touristen. [&hellip;]<\/p>\n","protected":false},"author":1,"featured_media":0,"parent":0,"menu_order":2,"comment_status":"closed","ping_status":"closed","template":"","meta":{"ngg_post_thumbnail":0,"footnotes":""},"class_list":["post-402","page","type-page","status-publish","hentry"],"_links":{"self":[{"href":"https:\/\/hoteldeswaen.be\/de\/wp-json\/wp\/v2\/pages\/402","targetHints":{"allow":["GET"]}}],"collection":[{"href":"https:\/\/hoteldeswaen.be\/de\/wp-json\/wp\/v2\/pages"}],"about":[{"href":"https:\/\/hoteldeswaen.be\/de\/wp-json\/wp\/v2\/types\/page"}],"author":[{"embeddable":true,"href":"https:\/\/hoteldeswaen.be\/de\/wp-json\/wp\/v2\/users\/1"}],"replies":[{"embeddable":true,"href":"https:\/\/hoteldeswaen.be\/de\/wp-json\/wp\/v2\/comments?post=402"}],"version-history":[{"count":6,"href":"https:\/\/hoteldeswaen.be\/de\/wp-json\/wp\/v2\/pages\/402\/revisions"}],"predecessor-version":[{"id":405,"href":"https:\/\/hoteldeswaen.be\/de\/wp-json\/wp\/v2\/pages\/402\/revisions\/405"}],"wp:attachment":[{"href":"https:\/\/hoteldeswaen.be\/de\/wp-json\/wp\/v2\/media?parent=402"}],"curies":[{"name":"wp","href":"https:\/\/api.w.org\/{rel}","templated":true}]}}