{"id":396,"date":"2013-10-04T12:23:01","date_gmt":"2013-10-04T10:23:01","guid":{"rendered":"http:\/\/www.hoteldeswaen.be\/?page_id=396"},"modified":"2020-04-18T16:59:25","modified_gmt":"2020-04-18T14:59:25","slug":"willkommen","status":"publish","type":"page","link":"https:\/\/hoteldeswaen.be\/de\/","title":{"rendered":"Willkommen"},"content":{"rendered":"<p>Inmitten des Kempenlandes befindet sich dieser einmalige Standort in zentraler Lage in Herentals. \u201eDe Swaen\u201c verf\u00fcgt \u00fcber ein gem\u00fctliches Bistro f\u00fcr k\u00f6stliche Drinks und Snacks. Der Lunch &amp; Dinner Room im ersten Stockwerk strahlt besondere Klasse aus. Hier k\u00f6nnen Sie die hervorragende Gastronomie genie\u00dfen.<\/p>\n<p class=\"blockquote\">Ein einmalige Standort mit einem vorz\u00fcglichen Hotel,<br \/>\nein stilvollen Restaurant und ein gem\u00fctliches Bistro<\/p>\n<p>Seit vielen Jahren ist Hotel *** &#8211; Seminar Facilities &#8222;De Swaen&#8220; ein einmalige Standord im Kempenlandes. Ein Besuch zu unseres Hotel, Restaurant oder Bistro in Kombination mit einem Ausflug garantiert eine ruhigen Exkursion in Herentals und die Gegend.<\/p>\n","protected":false},"excerpt":{"rendered":"<p>Inmitten des Kempenlandes befindet sich dieser einmalige Standort in zentraler Lage in Herentals. \u201eDe Swaen\u201c verf\u00fcgt \u00fcber ein gem\u00fctliches Bistro f\u00fcr k\u00f6stliche Drinks und Snacks. Der Lunch &amp; Dinner Room im ersten Stockwerk strahlt besondere Klasse aus. Hier k\u00f6nnen Sie die hervorragende Gastronomie genie\u00dfen. Ein einmalige Standort mit einem vorz\u00fcglichen Hotel, ein stilvollen Restaurant und [&hellip;]<\/p>\n","protected":false},"author":1,"featured_media":0,"parent":0,"menu_order":-999,"comment_status":"closed","ping_status":"closed","template":"","meta":{"ngg_post_thumbnail":0,"footnotes":""},"class_list":["post-396","page","type-page","status-publish","hentry"],"_links":{"self":[{"href":"https:\/\/hoteldeswaen.be\/de\/wp-json\/wp\/v2\/pages\/396","targetHints":{"allow":["GET"]}}],"collection":[{"href":"https:\/\/hoteldeswaen.be\/de\/wp-json\/wp\/v2\/pages"}],"about":[{"href":"https:\/\/hoteldeswaen.be\/de\/wp-json\/wp\/v2\/types\/page"}],"author":[{"embeddable":true,"href":"https:\/\/hoteldeswaen.be\/de\/wp-json\/wp\/v2\/users\/1"}],"replies":[{"embeddable":true,"href":"https:\/\/hoteldeswaen.be\/de\/wp-json\/wp\/v2\/comments?post=396"}],"version-history":[{"count":6,"href":"https:\/\/hoteldeswaen.be\/de\/wp-json\/wp\/v2\/pages\/396\/revisions"}],"predecessor-version":[{"id":1111,"href":"https:\/\/hoteldeswaen.be\/de\/wp-json\/wp\/v2\/pages\/396\/revisions\/1111"}],"wp:attachment":[{"href":"https:\/\/hoteldeswaen.be\/de\/wp-json\/wp\/v2\/media?parent=396"}],"curies":[{"name":"wp","href":"https:\/\/api.w.org\/{rel}","templated":true}]}}